{"id":68,"date":"2023-08-29T19:58:45","date_gmt":"2023-08-29T17:58:45","guid":{"rendered":"http:\/\/www.sabatelli-boxing.lu\/?page_id=68"},"modified":"2026-02-15T18:37:37","modified_gmt":"2026-02-15T17:37:37","slug":"demande-dinscription-au-sabatelli-boxing-club","status":"publish","type":"page","link":"https:\/\/www.sabatelli-boxing.lu\/index.php\/demande-dinscription-au-sabatelli-boxing-club\/","title":{"rendered":"Planning \/ Tarifs \/ Inscriptions"},"content":{"rendered":"\n<div class=\"wp-block-cover alignfull is-light is-style-ona-stroke-frame\"><video class=\"wp-block-cover__video-background intrinsic-ignore\" autoplay muted loop playsinline src=\"http:\/\/www.sabatelli-boxing.lu\/wp-content\/uploads\/2023\/08\/pexels-rodnae-productions-7187397-1080p.mp4\" data-object-fit=\"cover\"><\/video><span aria-hidden=\"true\" class=\"wp-block-cover__background has-background-dim\"><\/span><div class=\"wp-block-cover__inner-container is-layout-constrained wp-block-cover-is-layout-constrained\">\n<p class=\"has-text-align-center has-large-font-size\"><strong><em><sup><mark style=\"background-color:rgba(0, 0, 0, 0)\" class=\"has-inline-color has-background-color\">Pr\u00e9parez-vous \u00e0 entrer sur le ring <\/mark><\/sup><\/em><\/strong><\/p>\n<\/div><\/div>\n\n\n\n<p><\/p>\n\n\n\n<h1 class=\"wp-block-heading has-text-align-center is-style-default has-system-font-font-family has-large-font-size\" style=\"text-decoration:underline;text-transform:uppercase\"><strong><mark style=\"background-color:rgba(0, 0, 0, 0)\" class=\"has-inline-color has-dark-color\">Planning<\/mark> 2026<\/strong><\/h1>\n\n\n\n<figure class=\"wp-block-gallery has-nested-images columns-default is-cropped wp-block-gallery-1 is-layout-flex wp-block-gallery-is-layout-flex\">\n<figure class=\"wp-block-image size-large\"><img loading=\"lazy\" decoding=\"async\" width=\"1024\" height=\"651\" data-id=\"975\" src=\"https:\/\/www.sabatelli-boxing.lu\/wp-content\/uploads\/2026\/02\/SCHEDULE-2026-2-1024x651.png\" alt=\"\" class=\"wp-image-975\" srcset=\"https:\/\/www.sabatelli-boxing.lu\/wp-content\/uploads\/2026\/02\/SCHEDULE-2026-2-1024x651.png 1024w, https:\/\/www.sabatelli-boxing.lu\/wp-content\/uploads\/2026\/02\/SCHEDULE-2026-2-300x191.png 300w, https:\/\/www.sabatelli-boxing.lu\/wp-content\/uploads\/2026\/02\/SCHEDULE-2026-2-768x488.png 768w, https:\/\/www.sabatelli-boxing.lu\/wp-content\/uploads\/2026\/02\/SCHEDULE-2026-2-1536x976.png 1536w, https:\/\/www.sabatelli-boxing.lu\/wp-content\/uploads\/2026\/02\/SCHEDULE-2026-2-1170x744.png 1170w, https:\/\/www.sabatelli-boxing.lu\/wp-content\/uploads\/2026\/02\/SCHEDULE-2026-2-600x381.png 600w, https:\/\/www.sabatelli-boxing.lu\/wp-content\/uploads\/2026\/02\/SCHEDULE-2026-2.png 1809w\" sizes=\"auto, (max-width: 1024px) 100vw, 1024px\" \/><\/figure>\n<\/figure>\n\n\n\n<p><\/p>\n\n\n\n<p><\/p>\n\n\n\n<h1 class=\"wp-block-heading has-text-align-center has-system-font-font-family has-large-font-size\" style=\"text-decoration:underline\"><strong>TARIFS<\/strong><\/h1>\n\n\n\n<div class=\"wp-block-cover is-light\" style=\"min-height:345px;aspect-ratio:unset;\"><span aria-hidden=\"true\" class=\"wp-block-cover__background has-background-light-background-color has-background-dim-100 has-background-dim\"><\/span><div class=\"wp-block-cover__inner-container is-layout-constrained wp-block-cover-is-layout-constrained\">\n<div class=\"wp-block-cover\" style=\"min-height:82px;aspect-ratio:unset;\"><span aria-hidden=\"true\" class=\"wp-block-cover__background has-background-dim-100 has-background-dim\" style=\"background-color:#332305\"><\/span><div class=\"wp-block-cover__inner-container is-layout-constrained wp-block-cover-is-layout-constrained\">\n<h2 class=\"wp-block-heading has-text-align-center is-style-default has-background-light-color has-text-color has-link-color has-system-font-font-family wp-elements-f7c7b734a4744af7735979704b7624da\"><strong>ADH\u00c9SIONS<\/strong><\/h2>\n<\/div><\/div>\n\n\n\n<div class=\"wp-block-columns is-layout-flex wp-container-core-columns-is-layout-28f84493 wp-block-columns-is-layout-flex\">\n<div class=\"wp-block-column is-layout-flow wp-block-column-is-layout-flow\">\n<figure class=\"wp-block-image size-large\"><a href=\"https:\/\/sabatelliboxingclubasbl.virtuagym.com\/webshop\/memberships\"><img loading=\"lazy\" decoding=\"async\" width=\"576\" height=\"1024\" src=\"https:\/\/www.sabatelli-boxing.lu\/wp-content\/uploads\/2026\/01\/ENFANTS-576x1024.png\" alt=\"\" class=\"wp-image-887\" srcset=\"https:\/\/www.sabatelli-boxing.lu\/wp-content\/uploads\/2026\/01\/ENFANTS-576x1024.png 576w, https:\/\/www.sabatelli-boxing.lu\/wp-content\/uploads\/2026\/01\/ENFANTS-169x300.png 169w, https:\/\/www.sabatelli-boxing.lu\/wp-content\/uploads\/2026\/01\/ENFANTS-768x1365.png 768w, https:\/\/www.sabatelli-boxing.lu\/wp-content\/uploads\/2026\/01\/ENFANTS-864x1536.png 864w, https:\/\/www.sabatelli-boxing.lu\/wp-content\/uploads\/2026\/01\/ENFANTS-600x1067.png 600w, https:\/\/www.sabatelli-boxing.lu\/wp-content\/uploads\/2026\/01\/ENFANTS.png 1080w\" sizes=\"auto, (max-width: 576px) 100vw, 576px\" \/><\/a><\/figure>\n<\/div>\n\n\n\n<div class=\"wp-block-column is-layout-flow wp-block-column-is-layout-flow\">\n<figure class=\"wp-block-image size-large\"><a href=\"https:\/\/sabatelliboxingclubasbl.virtuagym.com\/webshop\/memberships\"><img loading=\"lazy\" decoding=\"async\" width=\"576\" height=\"1024\" src=\"https:\/\/www.sabatelli-boxing.lu\/wp-content\/uploads\/2026\/01\/JEUNES-576x1024.png\" alt=\"\" class=\"wp-image-888\" srcset=\"https:\/\/www.sabatelli-boxing.lu\/wp-content\/uploads\/2026\/01\/JEUNES-576x1024.png 576w, https:\/\/www.sabatelli-boxing.lu\/wp-content\/uploads\/2026\/01\/JEUNES-169x300.png 169w, https:\/\/www.sabatelli-boxing.lu\/wp-content\/uploads\/2026\/01\/JEUNES-768x1365.png 768w, https:\/\/www.sabatelli-boxing.lu\/wp-content\/uploads\/2026\/01\/JEUNES-864x1536.png 864w, https:\/\/www.sabatelli-boxing.lu\/wp-content\/uploads\/2026\/01\/JEUNES-600x1067.png 600w, https:\/\/www.sabatelli-boxing.lu\/wp-content\/uploads\/2026\/01\/JEUNES.png 1080w\" sizes=\"auto, (max-width: 576px) 100vw, 576px\" \/><\/a><\/figure>\n<\/div>\n\n\n\n<div class=\"wp-block-column is-layout-flow wp-block-column-is-layout-flow\">\n<figure class=\"wp-block-image size-large\"><a href=\"https:\/\/sabatelliboxingclubasbl.virtuagym.com\/webshop\/memberships\"><img loading=\"lazy\" decoding=\"async\" width=\"576\" height=\"1024\" src=\"https:\/\/www.sabatelli-boxing.lu\/wp-content\/uploads\/2026\/01\/ADULTES-576x1024.png\" alt=\"\" class=\"wp-image-889\" srcset=\"https:\/\/www.sabatelli-boxing.lu\/wp-content\/uploads\/2026\/01\/ADULTES-576x1024.png 576w, https:\/\/www.sabatelli-boxing.lu\/wp-content\/uploads\/2026\/01\/ADULTES-169x300.png 169w, https:\/\/www.sabatelli-boxing.lu\/wp-content\/uploads\/2026\/01\/ADULTES-768x1365.png 768w, https:\/\/www.sabatelli-boxing.lu\/wp-content\/uploads\/2026\/01\/ADULTES-864x1536.png 864w, https:\/\/www.sabatelli-boxing.lu\/wp-content\/uploads\/2026\/01\/ADULTES-600x1067.png 600w, https:\/\/www.sabatelli-boxing.lu\/wp-content\/uploads\/2026\/01\/ADULTES.png 1080w\" sizes=\"auto, (max-width: 576px) 100vw, 576px\" \/><\/a><\/figure>\n<\/div>\n<\/div>\n<\/div><\/div>\n\n\n\n<div class=\"wp-block-cover is-light\" style=\"min-height:297px;aspect-ratio:unset;\"><span aria-hidden=\"true\" class=\"wp-block-cover__background has-background-light-background-color has-background-dim-100 has-background-dim\"><\/span><div class=\"wp-block-cover__inner-container is-layout-constrained wp-block-cover-is-layout-constrained\">\n<div class=\"wp-block-cover\" style=\"min-height:72px;aspect-ratio:unset;\"><span aria-hidden=\"true\" class=\"wp-block-cover__background has-background-dim-100 has-background-dim\" style=\"background-color:#332305\"><\/span><div class=\"wp-block-cover__inner-container is-layout-constrained wp-block-cover-is-layout-constrained\">\n<h2 class=\"wp-block-heading has-text-align-center has-background-light-color has-text-color has-link-color has-system-font-font-family wp-elements-6f379e586a4b59563b781b7a4079d40f\"><strong>PACKS DE S\u00c9ANCES<\/strong><\/h2>\n<\/div><\/div>\n\n\n\n<div class=\"wp-block-columns is-layout-flex wp-container-core-columns-is-layout-28f84493 wp-block-columns-is-layout-flex\">\n<div class=\"wp-block-column is-layout-flow wp-block-column-is-layout-flow\">\n<figure class=\"wp-block-image size-large\"><a href=\"https:\/\/sabatelliboxingclubasbl.virtuagym.com\/webshop\/trainingcredits-2\"><img loading=\"lazy\" decoding=\"async\" width=\"576\" height=\"1024\" src=\"https:\/\/www.sabatelli-boxing.lu\/wp-content\/uploads\/2026\/01\/PACK1-576x1024.png\" alt=\"\" class=\"wp-image-891\" srcset=\"https:\/\/www.sabatelli-boxing.lu\/wp-content\/uploads\/2026\/01\/PACK1-576x1024.png 576w, https:\/\/www.sabatelli-boxing.lu\/wp-content\/uploads\/2026\/01\/PACK1-169x300.png 169w, https:\/\/www.sabatelli-boxing.lu\/wp-content\/uploads\/2026\/01\/PACK1-768x1365.png 768w, https:\/\/www.sabatelli-boxing.lu\/wp-content\/uploads\/2026\/01\/PACK1-864x1536.png 864w, https:\/\/www.sabatelli-boxing.lu\/wp-content\/uploads\/2026\/01\/PACK1-600x1067.png 600w, https:\/\/www.sabatelli-boxing.lu\/wp-content\/uploads\/2026\/01\/PACK1.png 1080w\" sizes=\"auto, (max-width: 576px) 100vw, 576px\" \/><\/a><\/figure>\n<\/div>\n\n\n\n<div class=\"wp-block-column is-layout-flow wp-block-column-is-layout-flow\">\n<figure class=\"wp-block-image size-large\"><a href=\"https:\/\/sabatelliboxingclubasbl.virtuagym.com\/webshop\/trainingcredits-2\"><img loading=\"lazy\" decoding=\"async\" width=\"576\" height=\"1024\" src=\"https:\/\/www.sabatelli-boxing.lu\/wp-content\/uploads\/2026\/01\/PACK-5-576x1024.png\" alt=\"\" class=\"wp-image-892\" srcset=\"https:\/\/www.sabatelli-boxing.lu\/wp-content\/uploads\/2026\/01\/PACK-5-576x1024.png 576w, https:\/\/www.sabatelli-boxing.lu\/wp-content\/uploads\/2026\/01\/PACK-5-169x300.png 169w, https:\/\/www.sabatelli-boxing.lu\/wp-content\/uploads\/2026\/01\/PACK-5-768x1365.png 768w, https:\/\/www.sabatelli-boxing.lu\/wp-content\/uploads\/2026\/01\/PACK-5-864x1536.png 864w, https:\/\/www.sabatelli-boxing.lu\/wp-content\/uploads\/2026\/01\/PACK-5-600x1067.png 600w, https:\/\/www.sabatelli-boxing.lu\/wp-content\/uploads\/2026\/01\/PACK-5.png 1080w\" sizes=\"auto, (max-width: 576px) 100vw, 576px\" \/><\/a><\/figure>\n<\/div>\n\n\n\n<div class=\"wp-block-column is-layout-flow wp-block-column-is-layout-flow\">\n<figure class=\"wp-block-image size-large is-style-default\"><a href=\"https:\/\/sabatelliboxingclubasbl.virtuagym.com\/webshop\/trainingcredits-2\"><img loading=\"lazy\" decoding=\"async\" width=\"576\" height=\"1024\" src=\"https:\/\/www.sabatelli-boxing.lu\/wp-content\/uploads\/2026\/01\/PACK-10-576x1024.png\" alt=\"\" class=\"wp-image-893\" srcset=\"https:\/\/www.sabatelli-boxing.lu\/wp-content\/uploads\/2026\/01\/PACK-10-576x1024.png 576w, https:\/\/www.sabatelli-boxing.lu\/wp-content\/uploads\/2026\/01\/PACK-10-169x300.png 169w, https:\/\/www.sabatelli-boxing.lu\/wp-content\/uploads\/2026\/01\/PACK-10-768x1365.png 768w, https:\/\/www.sabatelli-boxing.lu\/wp-content\/uploads\/2026\/01\/PACK-10-864x1536.png 864w, https:\/\/www.sabatelli-boxing.lu\/wp-content\/uploads\/2026\/01\/PACK-10-600x1067.png 600w, https:\/\/www.sabatelli-boxing.lu\/wp-content\/uploads\/2026\/01\/PACK-10.png 1080w\" sizes=\"auto, (max-width: 576px) 100vw, 576px\" \/><\/a><\/figure>\n<\/div>\n<\/div>\n<\/div><\/div>\n\n\n\n<div class=\"wp-block-cover is-light\" style=\"min-height:632px;aspect-ratio:unset;\"><span aria-hidden=\"true\" class=\"wp-block-cover__background has-background-light-background-color has-background-dim-100 has-background-dim\"><\/span><div class=\"wp-block-cover__inner-container is-layout-constrained wp-block-cover-is-layout-constrained\">\n<div class=\"wp-block-cover\" style=\"min-height:50px;aspect-ratio:unset;\"><span aria-hidden=\"true\" class=\"wp-block-cover__background has-background-dim-100 has-background-dim\" style=\"background-color:#332305\"><\/span><div class=\"wp-block-cover__inner-container is-layout-constrained wp-block-cover-is-layout-constrained\">\n<h2 class=\"wp-block-heading has-text-align-center has-system-font-font-family\"><strong>COMP\u00c9TITEURS<\/strong><\/h2>\n<\/div><\/div>\n\n\n\n<div class=\"wp-block-columns is-layout-flex wp-container-core-columns-is-layout-28f84493 wp-block-columns-is-layout-flex\">\n<div class=\"wp-block-column is-layout-flow wp-block-column-is-layout-flow\">\n<figure class=\"wp-block-image size-large is-resized\"><a href=\"https:\/\/sabatelliboxingclubasbl.virtuagym.com\/webshop\/competitors\"><img loading=\"lazy\" decoding=\"async\" width=\"576\" height=\"1024\" src=\"https:\/\/www.sabatelli-boxing.lu\/wp-content\/uploads\/2026\/01\/11-576x1024.png\" alt=\"\" class=\"wp-image-900\" style=\"aspect-ratio:0.5625032635371521;width:281px;height:auto\" srcset=\"https:\/\/www.sabatelli-boxing.lu\/wp-content\/uploads\/2026\/01\/11-576x1024.png 576w, https:\/\/www.sabatelli-boxing.lu\/wp-content\/uploads\/2026\/01\/11-169x300.png 169w, https:\/\/www.sabatelli-boxing.lu\/wp-content\/uploads\/2026\/01\/11-768x1365.png 768w, https:\/\/www.sabatelli-boxing.lu\/wp-content\/uploads\/2026\/01\/11-864x1536.png 864w, https:\/\/www.sabatelli-boxing.lu\/wp-content\/uploads\/2026\/01\/11-600x1067.png 600w, https:\/\/www.sabatelli-boxing.lu\/wp-content\/uploads\/2026\/01\/11.png 1080w\" sizes=\"auto, (max-width: 576px) 100vw, 576px\" \/><\/a><\/figure>\n<\/div>\n\n\n\n<div class=\"wp-block-column is-layout-flow wp-block-column-is-layout-flow\">\n<figure class=\"wp-block-image size-large is-resized\"><a href=\"https:\/\/sabatelliboxingclubasbl.virtuagym.com\/webshop\/competitors\"><img loading=\"lazy\" decoding=\"async\" width=\"576\" height=\"1024\" src=\"https:\/\/www.sabatelli-boxing.lu\/wp-content\/uploads\/2026\/01\/12-576x1024.png\" alt=\"\" class=\"wp-image-901\" style=\"aspect-ratio:0.5625032635371521;width:280px;height:auto\" srcset=\"https:\/\/www.sabatelli-boxing.lu\/wp-content\/uploads\/2026\/01\/12-576x1024.png 576w, https:\/\/www.sabatelli-boxing.lu\/wp-content\/uploads\/2026\/01\/12-169x300.png 169w, https:\/\/www.sabatelli-boxing.lu\/wp-content\/uploads\/2026\/01\/12-768x1365.png 768w, https:\/\/www.sabatelli-boxing.lu\/wp-content\/uploads\/2026\/01\/12-864x1536.png 864w, https:\/\/www.sabatelli-boxing.lu\/wp-content\/uploads\/2026\/01\/12-600x1067.png 600w, https:\/\/www.sabatelli-boxing.lu\/wp-content\/uploads\/2026\/01\/12.png 1080w\" sizes=\"auto, (max-width: 576px) 100vw, 576px\" \/><\/a><\/figure>\n<\/div>\n<\/div>\n<\/div><\/div>\n\n\n\n<p class=\"has-text-align-center has-foreground-color has-text-color has-link-color has-medium-font-size wp-elements-dfaa3175bcecb8ae81dcc24c8bfe86c3\"><\/p>\n\n\n\n<div class=\"wp-block-buttons is-content-justification-center is-layout-flex wp-container-core-buttons-is-layout-a89b3969 wp-block-buttons-is-layout-flex\">\n<div class=\"wp-block-button is-style-ona-button-arrow-icon\"><a class=\"wp-block-button__link has-background has-border-color has-background-border-color wp-element-button\" href=\"https:\/\/sabatelliboxingclubasbl.virtuagym.com\/webshop\/?club=cDgyaHBRUWtseS9FTU5ZN2F5RzZaUT09\" style=\"border-width:2px;background-color:#ee7926\">Rejoindre le club<\/a><\/div>\n<\/div>\n\n\n\n<p><\/p>\n\n\n\n<div class=\"wp-block-cover is-light wp-duotone-unset-2\" style=\"min-height:243px;aspect-ratio:unset;\"><span aria-hidden=\"true\" class=\"wp-block-cover__background has-background-light-background-color has-background-dim-100 has-background-dim\"><\/span><div class=\"wp-block-cover__inner-container is-layout-constrained wp-block-cover-is-layout-constrained\">\n<div class=\"wp-block-cover\" style=\"min-height:50px;aspect-ratio:unset;\"><span aria-hidden=\"true\" class=\"wp-block-cover__background has-background-dim-100 has-background-dim\" style=\"background-color:#332305\"><\/span><div class=\"wp-block-cover__inner-container is-layout-constrained wp-block-cover-is-layout-constrained\">\n<h2 class=\"wp-block-heading has-text-align-center is-style-ona-alt-font has-background-light-color has-text-color has-link-color has-system-font-font-family wp-elements-0e810a0b084cfdd2c021940ac36e9ac3\"><strong>S\u00c9ANCE D&#8217;ESSAI<\/strong><\/h2>\n<\/div><\/div>\n\n\n\n<div class=\"wp-block-columns is-layout-flex wp-container-core-columns-is-layout-28f84493 wp-block-columns-is-layout-flex\" style=\"border-width:1px\">\n<div class=\"wp-block-column is-layout-flow wp-block-column-is-layout-flow\" style=\"flex-basis:33.33%\">\n<figure class=\"wp-block-image aligncenter size-large is-resized\" style=\"margin-right:0;margin-left:0\"><a href=\"https:\/\/docs.google.com\/forms\/d\/e\/1FAIpQLScfm2qYaqnISdL4S_YM4Ga1eVGoR48-qUT0G0EDfYn7_0xu6g\/viewform\"><img loading=\"lazy\" decoding=\"async\" width=\"607\" height=\"1024\" src=\"https:\/\/www.sabatelli-boxing.lu\/wp-content\/uploads\/2026\/01\/aa-1-607x1024.png\" alt=\"\" class=\"wp-image-886\" style=\"aspect-ratio:0.5624828666536127;width:166px;height:auto\" srcset=\"https:\/\/www.sabatelli-boxing.lu\/wp-content\/uploads\/2026\/01\/aa-1-607x1024.png 607w, https:\/\/www.sabatelli-boxing.lu\/wp-content\/uploads\/2026\/01\/aa-1-178x300.png 178w, https:\/\/www.sabatelli-boxing.lu\/wp-content\/uploads\/2026\/01\/aa-1-768x1295.png 768w, https:\/\/www.sabatelli-boxing.lu\/wp-content\/uploads\/2026\/01\/aa-1-911x1536.png 911w, https:\/\/www.sabatelli-boxing.lu\/wp-content\/uploads\/2026\/01\/aa-1-600x1012.png 600w, https:\/\/www.sabatelli-boxing.lu\/wp-content\/uploads\/2026\/01\/aa-1.png 994w\" sizes=\"auto, (max-width: 607px) 100vw, 607px\" \/><\/a><\/figure>\n<\/div>\n\n\n\n<div class=\"wp-block-column is-layout-flow wp-block-column-is-layout-flow\" style=\"border-style:none;border-width:0px;flex-basis:66.66%\">\n<figure class=\"wp-block-image size-large has-custom-border is-style-default\" style=\"margin-top:0;margin-bottom:0\"><img loading=\"lazy\" decoding=\"async\" width=\"1024\" height=\"679\" src=\"https:\/\/www.sabatelli-boxing.lu\/wp-content\/uploads\/2026\/01\/Capture-decran-2025-12-16-a-15.48.58-1-1024x679.png\" alt=\"\" class=\"wp-image-881\" style=\"border-style:none;border-width:0px;border-top-left-radius:0px;border-top-right-radius:0px;border-bottom-left-radius:0px;border-bottom-right-radius:0px\" srcset=\"https:\/\/www.sabatelli-boxing.lu\/wp-content\/uploads\/2026\/01\/Capture-decran-2025-12-16-a-15.48.58-1-1024x679.png 1024w, https:\/\/www.sabatelli-boxing.lu\/wp-content\/uploads\/2026\/01\/Capture-decran-2025-12-16-a-15.48.58-1-300x199.png 300w, https:\/\/www.sabatelli-boxing.lu\/wp-content\/uploads\/2026\/01\/Capture-decran-2025-12-16-a-15.48.58-1-768x509.png 768w, https:\/\/www.sabatelli-boxing.lu\/wp-content\/uploads\/2026\/01\/Capture-decran-2025-12-16-a-15.48.58-1-1170x775.png 1170w, https:\/\/www.sabatelli-boxing.lu\/wp-content\/uploads\/2026\/01\/Capture-decran-2025-12-16-a-15.48.58-1-600x398.png 600w, https:\/\/www.sabatelli-boxing.lu\/wp-content\/uploads\/2026\/01\/Capture-decran-2025-12-16-a-15.48.58-1.png 1420w\" sizes=\"auto, (max-width: 1024px) 100vw, 1024px\" \/><\/figure>\n<\/div>\n<\/div>\n<\/div><\/div>\n\n\n\n<p class=\"has-text-align-center has-dark-color has-text-color has-link-color wp-elements-7eb66316c2b99a56146dbfb2b62f96f1\"><br><strong>1\ufe0f\u20e3 Remplir le <a href=\"https:\/\/docs.google.com\/forms\/d\/e\/1FAIpQLScfm2qYaqnISdL4S_YM4Ga1eVGoR48-qUT0G0EDfYn7_0xu6g\/viewform\">formulaire<\/a> <\/strong>\u2b05\ufe0f<br><strong>2\ufe0f\u20e3 Proc\u00e9der au paiement via le lien s\u00e9curis\u00e9<\/strong> <\/p>\n\n\n\n<div class=\"wp-block-buttons is-content-justification-center is-layout-flex wp-container-core-buttons-is-layout-a89b3969 wp-block-buttons-is-layout-flex\">\n<div class=\"wp-block-button is-style-ona-button-arrow-icon\"><a class=\"wp-block-button__link has-background wp-element-button\" href=\"https:\/\/payment-links.mollie.com\/payment\/p8yBqnSCxBfBJrswE79eF\" style=\"background-color:#3b2e2e\">\ud83d\udcb3 Payer mon cours d\u2019essai<\/a><\/div>\n<\/div>\n\n\n\n<p class=\"has-text-align-center has-small-font-size\"><em>\u26a0\ufe0f<strong>Merci de noter que la r\u00e9servation d\u2019un cours d\u2019essai est valable uniquement apr\u00e8s paiement.<\/strong><\/em><\/p>\n\n\n\n<div style=\"height:100px\" aria-hidden=\"true\" class=\"wp-block-spacer\"><\/div>\n\n\n\n<h1 class=\"wp-block-heading has-text-align-center has-system-font-font-family\" style=\"text-decoration:underline;text-transform:uppercase\"><strong>Proc\u00e9dure <mark style=\"background-color:rgba(0, 0, 0, 0)\" class=\"has-inline-color has-foreground-color\">d\u2019inscription<\/mark><\/strong><\/h1>\n\n\n\n<p><\/p>\n\n\n\n<p class=\"has-text-align-center has-foreground-color has-text-color has-link-color wp-elements-def0978f3e54365f80411da3bc872271\">Toutes les inscriptions se font directement via notre plateforme <strong>Virtuagym<\/strong>.<\/p>\n\n\n\n<p class=\"has-text-align-left has-foreground-color has-text-color has-link-color wp-elements-2553215cddd1e23b74e48659e2a22e84\"><br><strong>1\ufe0f\u20e3 Choisissez votre abonnement<\/strong><br><strong>2\ufe0f\u20e3 Cr\u00e9ez votre compte personnel<\/strong><br><strong>3\ufe0f\u20e3 Effectuez le paiement en ligne<\/strong><br><strong>4\ufe0f\u20e3 Commencez vos entra\u00eenements<\/strong><\/p>\n\n\n\n<p class=\"has-text-align-center\"><\/p>\n\n\n\n<p class=\"has-text-align-center\"><strong><br><\/strong><\/p>\n\n\n\n<div class=\"wp-block-columns is-layout-flex wp-container-core-columns-is-layout-28f84493 wp-block-columns-is-layout-flex\">\n<div class=\"wp-block-column is-layout-flow wp-block-column-is-layout-flow\" style=\"flex-basis:100%\"><\/div>\n<\/div>\n","protected":false},"excerpt":{"rendered":"<p>Planning 2026 TARIFS 1\ufe0f\u20e3 Remplir le formulaire \u2b05\ufe0f2\ufe0f\u20e3 Proc\u00e9der au paiement via le lien s\u00e9curis\u00e9 \u26a0\ufe0fMerci de noter que la r\u00e9servation d\u2019un cours d\u2019essai est valable uniquement apr\u00e8s paiement. Proc\u00e9dure d\u2019inscription Toutes les inscriptions se font directement via notre plateforme Virtuagym. 1\ufe0f\u20e3 Choisissez votre abonnement2\ufe0f\u20e3 Cr\u00e9ez votre compte personnel3\ufe0f\u20e3 Effectuez le paiement en ligne4\ufe0f\u20e3 Commencez [&hellip;]<\/p>\n","protected":false},"author":1,"featured_media":0,"parent":0,"menu_order":0,"comment_status":"closed","ping_status":"closed","template":"","meta":{"footnotes":""},"class_list":["post-68","page","type-page","status-publish","hentry"],"_links":{"self":[{"href":"https:\/\/www.sabatelli-boxing.lu\/index.php\/wp-json\/wp\/v2\/pages\/68","targetHints":{"allow":["GET"]}}],"collection":[{"href":"https:\/\/www.sabatelli-boxing.lu\/index.php\/wp-json\/wp\/v2\/pages"}],"about":[{"href":"https:\/\/www.sabatelli-boxing.lu\/index.php\/wp-json\/wp\/v2\/types\/page"}],"author":[{"embeddable":true,"href":"https:\/\/www.sabatelli-boxing.lu\/index.php\/wp-json\/wp\/v2\/users\/1"}],"replies":[{"embeddable":true,"href":"https:\/\/www.sabatelli-boxing.lu\/index.php\/wp-json\/wp\/v2\/comments?post=68"}],"version-history":[{"count":133,"href":"https:\/\/www.sabatelli-boxing.lu\/index.php\/wp-json\/wp\/v2\/pages\/68\/revisions"}],"predecessor-version":[{"id":987,"href":"https:\/\/www.sabatelli-boxing.lu\/index.php\/wp-json\/wp\/v2\/pages\/68\/revisions\/987"}],"wp:attachment":[{"href":"https:\/\/www.sabatelli-boxing.lu\/index.php\/wp-json\/wp\/v2\/media?parent=68"}],"curies":[{"name":"wp","href":"https:\/\/api.w.org\/{rel}","templated":true}]}}